{"id":6045,"date":"2020-09-08T10:51:48","date_gmt":"2020-09-08T15:51:48","guid":{"rendered":"https:\/\/mopia.ca\/product\/import-placeholder-for-2536\/"},"modified":"2024-12-19T11:33:29","modified_gmt":"2024-12-19T17:33:29","slug":"one-year-certification-renewal","status":"publish","type":"product","link":"https:\/\/mopia.ca\/fr\/produit\/one-year-certification-renewal\/","title":{"rendered":"One Year Technician Certification Renewal"},"content":{"rendered":"","protected":false},"excerpt":{"rendered":"<p>One year technician certification renewal is valid until June 1st (prior to date of purchase).<\/p>\n<p>La carte de certification sera envoy\u00e9e par la poste \u00e0 la personne pour l&#039;ann\u00e9e. Fournissez \u00e0 MOPIA l&#039;adresse postale de votre choix pour recevoir votre carte.<\/p>\n<p><em>NOTE: Please inform MOPIA if there are any changes to your desired mailing address.<\/em><\/p>","protected":false},"featured_media":15284,"template":"","meta":{"_monsterinsights_skip_tracking":false,"_monsterinsights_sitenote_active":false,"_monsterinsights_sitenote_note":"","_monsterinsights_sitenote_category":0},"product_brand":[],"product_cat":[51],"product_tag":[52],"class_list":{"0":"post-6045","1":"product","2":"type-product","3":"status-publish","4":"has-post-thumbnail","6":"product_cat-renewal","7":"product_tag-renewal","9":"first","10":"instock","11":"virtual","12":"purchasable","13":"product-type-simple"},"_links":{"self":[{"href":"https:\/\/mopia.ca\/fr\/wp-json\/wp\/v2\/product\/6045","targetHints":{"allow":["GET"]}}],"collection":[{"href":"https:\/\/mopia.ca\/fr\/wp-json\/wp\/v2\/product"}],"about":[{"href":"https:\/\/mopia.ca\/fr\/wp-json\/wp\/v2\/types\/product"}],"wp:featuredmedia":[{"embeddable":true,"href":"https:\/\/mopia.ca\/fr\/wp-json\/wp\/v2\/media\/15284"}],"wp:attachment":[{"href":"https:\/\/mopia.ca\/fr\/wp-json\/wp\/v2\/media?parent=6045"}],"wp:term":[{"taxonomy":"product_brand","embeddable":true,"href":"https:\/\/mopia.ca\/fr\/wp-json\/wp\/v2\/product_brand?post=6045"},{"taxonomy":"product_cat","embeddable":true,"href":"https:\/\/mopia.ca\/fr\/wp-json\/wp\/v2\/product_cat?post=6045"},{"taxonomy":"product_tag","embeddable":true,"href":"https:\/\/mopia.ca\/fr\/wp-json\/wp\/v2\/product_tag?post=6045"}],"curies":[{"name":"wp","href":"https:\/\/api.w.org\/{rel}","templated":true}]}}