{"id":6043,"date":"2020-09-08T10:51:48","date_gmt":"2020-09-08T15:51:48","guid":{"rendered":"https:\/\/mopia.ca\/product\/import-placeholder-for-2534\/"},"modified":"2021-04-06T15:30:57","modified_gmt":"2021-04-06T20:30:57","slug":"correspondence-training-kit-mail-out","status":"publish","type":"product","link":"https:\/\/mopia.ca\/fr\/produit\/correspondence-training-kit-mail-out\/","title":{"rendered":"Trousse de formation par correspondance (par la poste)"},"content":{"rendered":"","protected":false},"excerpt":{"rendered":"<p>Le kit de formation par correspondance de certification se compose d'une copie papier et d'un manuel papier pour \u00e9tude personnelle. Apr\u00e8s la r\u00e9vision du manuel, les individus doivent passer l'examen inclus. \u00c0 la fin de l'examen, envoyez \u00e0 MOPIA pour la notation. Si vous avez r\u00e9ussie une carte de certification sera envoyer \u00e0 l'adresse souhait\u00e9e.<\/p>\n<p><em>REMARQUE: Cette option du kit de formation par correspondance est <strong>ENVOYER PAR COURRIEL<\/strong> \u00e0 l&#039;individu. Assurez-vous d&#039;ajouter l&#039;adresse postale pr\u00e9f\u00e9r\u00e9e. Les frais de livraison sont inclus.<\/em><\/p>","protected":false},"featured_media":6049,"template":"","meta":{"_monsterinsights_skip_tracking":false,"_monsterinsights_sitenote_active":false,"_monsterinsights_sitenote_note":"","_monsterinsights_sitenote_category":0},"product_brand":[],"product_cat":[71,49],"product_tag":[50],"class_list":{"0":"post-6043","1":"product","2":"type-product","3":"status-publish","4":"has-post-thumbnail","6":"product_cat-correspondence","7":"product_cat-training","8":"product_tag-training","10":"first","11":"instock","12":"shipping-taxable","13":"purchasable","14":"product-type-simple"},"_links":{"self":[{"href":"https:\/\/mopia.ca\/fr\/wp-json\/wp\/v2\/product\/6043","targetHints":{"allow":["GET"]}}],"collection":[{"href":"https:\/\/mopia.ca\/fr\/wp-json\/wp\/v2\/product"}],"about":[{"href":"https:\/\/mopia.ca\/fr\/wp-json\/wp\/v2\/types\/product"}],"wp:featuredmedia":[{"embeddable":true,"href":"https:\/\/mopia.ca\/fr\/wp-json\/wp\/v2\/media\/6049"}],"wp:attachment":[{"href":"https:\/\/mopia.ca\/fr\/wp-json\/wp\/v2\/media?parent=6043"}],"wp:term":[{"taxonomy":"product_brand","embeddable":true,"href":"https:\/\/mopia.ca\/fr\/wp-json\/wp\/v2\/product_brand?post=6043"},{"taxonomy":"product_cat","embeddable":true,"href":"https:\/\/mopia.ca\/fr\/wp-json\/wp\/v2\/product_cat?post=6043"},{"taxonomy":"product_tag","embeddable":true,"href":"https:\/\/mopia.ca\/fr\/wp-json\/wp\/v2\/product_tag?post=6043"}],"curies":[{"name":"wp","href":"https:\/\/api.w.org\/{rel}","templated":true}]}}