{"id":6040,"date":"2020-09-08T10:51:48","date_gmt":"2020-09-08T15:51:48","guid":{"rendered":"https:\/\/mopia.ca\/product\/import-placeholder-for-2531\/"},"modified":"2020-12-01T10:21:40","modified_gmt":"2020-12-01T16:21:40","slug":"mopia-stewardship","status":"publish","type":"product","link":"https:\/\/mopia.ca\/fr\/produit\/mopia-stewardship\/","title":{"rendered":"G\u00e9rance MOPIA"},"content":{"rendered":"","protected":false},"excerpt":{"rendered":"<p>Donne le droit de vote pour les questions de gouvernance de MOPIA. Les membres seront inform\u00e9s des r\u00e9unions de gouvernance de MOPIA, etc.<\/p>\n<p>Adh\u00e9sion annuelle. Doit \u00eatre renouvel\u00e9 manuellement par l&#039;individu.<\/p>\n<p><em>REMARQUE: veuillez informer MOPIA de votre adresse de contact souhait\u00e9e.\u00a0<\/em><\/p>","protected":false},"featured_media":7012,"template":"","meta":{"_monsterinsights_skip_tracking":false,"_monsterinsights_sitenote_active":false,"_monsterinsights_sitenote_note":"","_monsterinsights_sitenote_category":0},"product_brand":[],"product_cat":[47],"product_tag":[48],"class_list":{"0":"post-6040","1":"product","2":"type-product","3":"status-publish","4":"has-post-thumbnail","6":"product_cat-stewardship","7":"product_tag-stewardship","9":"first","10":"instock","11":"virtual","12":"purchasable","13":"product-type-simple"},"_links":{"self":[{"href":"https:\/\/mopia.ca\/fr\/wp-json\/wp\/v2\/product\/6040","targetHints":{"allow":["GET"]}}],"collection":[{"href":"https:\/\/mopia.ca\/fr\/wp-json\/wp\/v2\/product"}],"about":[{"href":"https:\/\/mopia.ca\/fr\/wp-json\/wp\/v2\/types\/product"}],"wp:featuredmedia":[{"embeddable":true,"href":"https:\/\/mopia.ca\/fr\/wp-json\/wp\/v2\/media\/7012"}],"wp:attachment":[{"href":"https:\/\/mopia.ca\/fr\/wp-json\/wp\/v2\/media?parent=6040"}],"wp:term":[{"taxonomy":"product_brand","embeddable":true,"href":"https:\/\/mopia.ca\/fr\/wp-json\/wp\/v2\/product_brand?post=6040"},{"taxonomy":"product_cat","embeddable":true,"href":"https:\/\/mopia.ca\/fr\/wp-json\/wp\/v2\/product_cat?post=6040"},{"taxonomy":"product_tag","embeddable":true,"href":"https:\/\/mopia.ca\/fr\/wp-json\/wp\/v2\/product_tag?post=6040"}],"curies":[{"name":"wp","href":"https:\/\/api.w.org\/{rel}","templated":true}]}}