{"id":6638,"date":"2020-10-20T15:08:37","date_gmt":"2020-10-20T20:08:37","guid":{"rendered":"https:\/\/mopia.ca\/?page_id=6638"},"modified":"2021-03-05T14:56:48","modified_gmt":"2021-03-05T20:56:48","slug":"privacy-policy","status":"publish","type":"page","link":"https:\/\/mopia.ca\/fr\/privacy-policy\/","title":{"rendered":"Politique de confidentialit\u00e9"},"content":{"rendered":"<div data-elementor-type=\"wp-page\" data-elementor-id=\"6638\" class=\"elementor elementor-6638\" data-elementor-post-type=\"page\">\n\t\t\t\t\t\t<section class=\"elementor-section elementor-top-section elementor-element elementor-element-425d310 elementor-section-boxed elementor-section-height-default elementor-section-height-default\" data-id=\"425d310\" data-element_type=\"section\" data-e-type=\"section\">\n\t\t\t\t\t\t<div class=\"elementor-container elementor-column-gap-default\">\n\t\t\t\t\t<div class=\"elementor-column elementor-col-100 elementor-top-column elementor-element elementor-element-889a67b\" data-id=\"889a67b\" data-element_type=\"column\" data-e-type=\"column\">\n\t\t\t<div class=\"elementor-widget-wrap elementor-element-populated\">\n\t\t\t\t\t\t<div class=\"elementor-element elementor-element-14d12bb elementor-widget elementor-widget-spacer\" data-id=\"14d12bb\" data-element_type=\"widget\" data-e-type=\"widget\" data-widget_type=\"spacer.default\">\n\t\t\t\t<div class=\"elementor-widget-container\">\n\t\t\t\t\t\t\t<div class=\"elementor-spacer\">\n\t\t\t<div class=\"elementor-spacer-inner\"><\/div>\n\t\t<\/div>\n\t\t\t\t\t\t<\/div>\n\t\t\t\t<\/div>\n\t\t\t\t<div class=\"elementor-element elementor-element-ec5960e elementor-widget elementor-widget-heading\" data-id=\"ec5960e\" data-element_type=\"widget\" data-e-type=\"widget\" data-widget_type=\"heading.default\">\n\t\t\t\t<div class=\"elementor-widget-container\">\n\t\t\t\t\t<h2 class=\"elementor-heading-title elementor-size-default\">Politique de confidentialit\u00e9<\/h2>\t\t\t\t<\/div>\n\t\t\t\t<\/div>\n\t\t\t\t<div class=\"elementor-element elementor-element-c907e03 elementor-widget elementor-widget-spacer\" data-id=\"c907e03\" data-element_type=\"widget\" data-e-type=\"widget\" data-widget_type=\"spacer.default\">\n\t\t\t\t<div class=\"elementor-widget-container\">\n\t\t\t\t\t\t\t<div class=\"elementor-spacer\">\n\t\t\t<div class=\"elementor-spacer-inner\"><\/div>\n\t\t<\/div>\n\t\t\t\t\t\t<\/div>\n\t\t\t\t<\/div>\n\t\t\t\t<div class=\"elementor-element elementor-element-9ef61f8 elementor-widget elementor-widget-text-editor\" data-id=\"9ef61f8\" data-element_type=\"widget\" data-e-type=\"widget\" data-widget_type=\"text-editor.default\">\n\t\t\t\t<div class=\"elementor-widget-container\">\n\t\t\t\t\t\t\t\t\t<h4>Bienvenue dans notre politique de confidentialit\u00e9 - Votre vie priv\u00e9e est d&#039;une importance cruciale pour nous.<\/h4><p>MOPIA est situ\u00e9 \u00e0:<br \/>1082 Main St Winnipeg R2W 5J3 - Manitoba, Canada<\/p><p>La politique de MOPIA est de respecter votre vie priv\u00e9e concernant toute information que nous pouvons collecter lors de l&#039;exploitation de notre site Web. Cette politique de confidentialit\u00e9 s&#039;applique \u00e0 https:\/\/mopia.ca\/ (ci-apr\u00e8s, \u00abnous\u00bb, \u00abnous\u00bb ou \u00abhttps:\/\/mopia.ca\/\u00bb). Nous respectons votre vie priv\u00e9e et nous nous engageons \u00e0 prot\u00e9ger les informations personnellement identifiables que vous pouvez nous fournir via le site Web. Nous avons adopt\u00e9 cette politique de confidentialit\u00e9 (\u00abPolitique de confidentialit\u00e9\u00bb) pour expliquer quelles informations peuvent \u00eatre collect\u00e9es sur notre site Web, comment nous utilisons ces informations et dans quelles circonstances nous pouvons divulguer ces informations \u00e0 des tiers. Cette politique de confidentialit\u00e9 s&#039;applique uniquement aux informations que nous recueillons via le site Web et ne s&#039;applique pas \u00e0 notre collecte d&#039;informations \u00e0 partir d&#039;autres sources.<br \/>Cette politique de confidentialit\u00e9 \u00e9nonce les r\u00e8gles et politiques g\u00e9n\u00e9rales r\u00e9gissant votre utilisation de notre site Web.\u00a0<\/p><p>- Visiteurs du site Web<\/p><p>Comme la plupart des exploitants de sites Web, MOPIA collecte des informations non personnelles du type que les navigateurs Web et les serveurs mettent g\u00e9n\u00e9ralement \u00e0 disposition, telles que le type de navigateur, la pr\u00e9f\u00e9rence de langue, le site de r\u00e9f\u00e9rence et la date et l&#039;heure de chaque demande de visiteur. Le but de MOPIA en collectant des informations non personnelles est de mieux comprendre comment les visiteurs de MOPIA utilisent son site Web. De temps \u00e0 autre, MOPIA peut divulguer des informations non personnelles dans l&#039;ensemble, par exemple en publiant un rapport sur les tendances d&#039;utilisation de son site Web.<br \/>MOPIA recueille \u00e9galement des informations potentiellement personnelles telles que les adresses IP (Internet Protocol) pour les utilisateurs connect\u00e9s et pour les utilisateurs laissant des commentaires sur https:\/\/mopia.ca\/. MOPIA ne divulgue les adresses IP des utilisateurs et commentateurs connect\u00e9s que dans les m\u00eames circonstances qu&#039;elle utilise et divulgue les informations d&#039;identification personnelle comme d\u00e9crit ci-dessous.<\/p><p>- Collecte d&#039;informations d&#039;identification personnelle<\/p><p>Certains visiteurs des sites Web de MOPIA choisissent d&#039;interagir avec MOPIA d&#039;une mani\u00e8re qui oblige MOPIA \u00e0 recueillir des informations d&#039;identification personnelle. La quantit\u00e9 et le type d&#039;informations collect\u00e9es par MOPIA d\u00e9pendent de la nature de l&#039;interaction. Par exemple, nous demandons aux visiteurs qui s&#039;inscrivent au cours \u00e0 https:\/\/mopia.ca\/training de fournir un nom d&#039;utilisateur, une adresse e-mail et une adresse postale. <strong>Nous ne divulguons PAS ces informations personnelles \u00e0 des tiers ni ne les distribuons sous aucune forme. Toutes les informations personnelles collect\u00e9es par MOPIA sont simplement utilis\u00e9es sur une base de contact et de tenue de registres pour les activit\u00e9s officielles de MOPIA.\u00a0<\/strong><\/p><p>- S\u00e9curit\u00e9<\/p><p>La s\u00e9curit\u00e9 de vos informations personnelles est importante pour nous, mais rappelez-vous qu&#039;aucune m\u00e9thode de transmission sur Internet ou m\u00e9thode de stockage \u00e9lectronique n&#039;est 100% s\u00e9curis\u00e9e. Bien que nous nous efforcions d&#039;utiliser des moyens commercialement acceptables pour prot\u00e9ger vos informations personnelles, nous ne pouvons garantir leur s\u00e9curit\u00e9 absolue.<\/p><p>- Liens vers des sites externes<\/p><p>Notre service peut contenir des liens vers des sites externes qui ne sont pas exploit\u00e9s par nous. Si vous cliquez sur un lien tiers, vous serez dirig\u00e9 vers le site de ce tiers. Nous vous conseillons vivement de consulter la politique de confidentialit\u00e9 et les termes et conditions de chaque site que vous visitez.<br \/>Nous n&#039;avons aucun contr\u00f4le sur, et n&#039;assumons aucune responsabilit\u00e9 pour le contenu, les politiques de confidentialit\u00e9 ou les pratiques de tout site, produit ou service tiers.<\/p><p>- Biscuits<\/p><p>Pour enrichir et perfectionner votre exp\u00e9rience en ligne, MOPIA utilise des \u00abCookies\u00bb, des technologies similaires et des services fournis par des tiers pour afficher un contenu personnalis\u00e9 et stocker vos pr\u00e9f\u00e9rences sur votre ordinateur.<br \/>Un cookie est une cha\u00eene d&#039;informations qu&#039;un site Web stocke sur l&#039;ordinateur d&#039;un visiteur et que le navigateur du visiteur fournit au site Web chaque fois que le visiteur revient. MOPIA utilise des cookies pour aider MOPIA \u00e0 identifier et suivre les visiteurs, leur utilisation de https:\/\/mopia.ca\/ et leurs pr\u00e9f\u00e9rences d&#039;acc\u00e8s au site Web. Les visiteurs de MOPIA qui ne souhaitent pas que des cookies soient plac\u00e9s sur leur ordinateur doivent configurer leur navigateur pour refuser les cookies avant d&#039;utiliser les sites Web de MOPIA, avec l&#039;inconv\u00e9nient que certaines fonctionnalit\u00e9s des sites Web de MOPIA peuvent ne pas fonctionner correctement sans l&#039;aide de cookies.<br \/>En continuant \u00e0 naviguer sur notre site Web sans modifier vos param\u00e8tres de cookies, vous reconnaissez et acceptez par la pr\u00e9sente l&#039;utilisation des cookies par MOPIA.<\/p><p>- Modifications de la politique de confidentialit\u00e9<\/p><p>Bien que la plupart des changements soient probablement mineurs, MOPIA peut modifier sa politique de confidentialit\u00e9 de temps \u00e0 autre, et \u00e0 la seule discr\u00e9tion de MOPIA. MOPIA encourage les visiteurs \u00e0 consulter fr\u00e9quemment cette page pour tout changement de sa politique de confidentialit\u00e9. Votre utilisation continue de ce site apr\u00e8s tout changement de cette politique de confidentialit\u00e9 constituera votre acceptation de ce changement.<\/p><p>- Informations de cr\u00e9dit et de contact<\/p><p>Cette politique de confidentialit\u00e9 a \u00e9t\u00e9 cr\u00e9\u00e9e \u00e0 l&#039;adresse https:\/\/termsandconditionstemplate.com\/privacy-policy-generator\/. Si vous avez des questions sur cette politique de confidentialit\u00e9, veuillez nous contacter par t\u00e9l\u00e9phone ou par t\u00e9l\u00e9phone.<\/p>\t\t\t\t\t\t\t\t<\/div>\n\t\t\t\t<\/div>\n\t\t\t\t<div class=\"elementor-element elementor-element-cf3dfbc elementor-widget elementor-widget-spacer\" data-id=\"cf3dfbc\" data-element_type=\"widget\" data-e-type=\"widget\" data-widget_type=\"spacer.default\">\n\t\t\t\t<div class=\"elementor-widget-container\">\n\t\t\t\t\t\t\t<div class=\"elementor-spacer\">\n\t\t\t<div class=\"elementor-spacer-inner\"><\/div>\n\t\t<\/div>\n\t\t\t\t\t\t<\/div>\n\t\t\t\t<\/div>\n\t\t\t\t\t<\/div>\n\t\t<\/div>\n\t\t\t\t\t<\/div>\n\t\t<\/section>\n\t\t\t\t<\/div>","protected":false},"excerpt":{"rendered":"<p>Privacy Policy Welcome to our Privacy Policy \u2014 Your privacy is critically important to us. MOPIA is located at:1082 Main St Winnipeg R2W 5J3 \u2013 Manitoba , Canada It is MOPIA&#8217;s policy to respect your privacy regarding any information we may collect while operating our website. This Privacy Policy applies to https:\/\/mopia.ca\/ (hereinafter, \u201cus\u201d, \u201cwe\u201d, [&hellip;]<\/p>\n","protected":false},"author":88893,"featured_media":0,"parent":0,"menu_order":0,"comment_status":"closed","ping_status":"closed","template":"elementor_header_footer","meta":{"_monsterinsights_skip_tracking":false,"_monsterinsights_sitenote_active":false,"_monsterinsights_sitenote_note":"","_monsterinsights_sitenote_category":0,"footnotes":""},"class_list":["post-6638","page","type-page","status-publish","hentry"],"_links":{"self":[{"href":"https:\/\/mopia.ca\/fr\/wp-json\/wp\/v2\/pages\/6638","targetHints":{"allow":["GET"]}}],"collection":[{"href":"https:\/\/mopia.ca\/fr\/wp-json\/wp\/v2\/pages"}],"about":[{"href":"https:\/\/mopia.ca\/fr\/wp-json\/wp\/v2\/types\/page"}],"author":[{"embeddable":true,"href":"https:\/\/mopia.ca\/fr\/wp-json\/wp\/v2\/users\/88893"}],"replies":[{"embeddable":true,"href":"https:\/\/mopia.ca\/fr\/wp-json\/wp\/v2\/comments?post=6638"}],"version-history":[{"count":3,"href":"https:\/\/mopia.ca\/fr\/wp-json\/wp\/v2\/pages\/6638\/revisions"}],"predecessor-version":[{"id":8231,"href":"https:\/\/mopia.ca\/fr\/wp-json\/wp\/v2\/pages\/6638\/revisions\/8231"}],"wp:attachment":[{"href":"https:\/\/mopia.ca\/fr\/wp-json\/wp\/v2\/media?parent=6638"}],"curies":[{"name":"wp","href":"https:\/\/api.w.org\/{rel}","templated":true}]}}