{"id":6633,"date":"2020-10-20T14:58:33","date_gmt":"2020-10-20T19:58:33","guid":{"rendered":"https:\/\/mopia.ca\/?page_id=6633"},"modified":"2020-11-23T09:55:05","modified_gmt":"2020-11-23T15:55:05","slug":"terms-and-conditions","status":"publish","type":"page","link":"https:\/\/mopia.ca\/fr\/terms-and-conditions\/","title":{"rendered":"Termes et conditions"},"content":{"rendered":"<div data-elementor-type=\"wp-page\" data-elementor-id=\"6633\" class=\"elementor elementor-6633\" data-elementor-post-type=\"page\">\n\t\t\t\t\t\t<section class=\"elementor-section elementor-top-section elementor-element elementor-element-8114fe2 elementor-section-boxed elementor-section-height-default elementor-section-height-default\" data-id=\"8114fe2\" data-element_type=\"section\" data-e-type=\"section\">\n\t\t\t\t\t\t<div class=\"elementor-container elementor-column-gap-default\">\n\t\t\t\t\t<div class=\"elementor-column elementor-col-100 elementor-top-column elementor-element elementor-element-a8605ee\" data-id=\"a8605ee\" data-element_type=\"column\" data-e-type=\"column\">\n\t\t\t<div class=\"elementor-widget-wrap elementor-element-populated\">\n\t\t\t\t\t\t<div class=\"elementor-element elementor-element-d43b875 elementor-widget elementor-widget-spacer\" data-id=\"d43b875\" data-element_type=\"widget\" data-e-type=\"widget\" data-widget_type=\"spacer.default\">\n\t\t\t\t<div class=\"elementor-widget-container\">\n\t\t\t\t\t\t\t<div class=\"elementor-spacer\">\n\t\t\t<div class=\"elementor-spacer-inner\"><\/div>\n\t\t<\/div>\n\t\t\t\t\t\t<\/div>\n\t\t\t\t<\/div>\n\t\t\t\t<div class=\"elementor-element elementor-element-d29069f elementor-widget elementor-widget-heading\" data-id=\"d29069f\" data-element_type=\"widget\" data-e-type=\"widget\" data-widget_type=\"heading.default\">\n\t\t\t\t<div class=\"elementor-widget-container\">\n\t\t\t\t\t<h2 class=\"elementor-heading-title elementor-size-default\">Termes et conditions<\/h2>\t\t\t\t<\/div>\n\t\t\t\t<\/div>\n\t\t\t\t<div class=\"elementor-element elementor-element-3b6da4f elementor-widget elementor-widget-spacer\" data-id=\"3b6da4f\" data-element_type=\"widget\" data-e-type=\"widget\" data-widget_type=\"spacer.default\">\n\t\t\t\t<div class=\"elementor-widget-container\">\n\t\t\t\t\t\t\t<div class=\"elementor-spacer\">\n\t\t\t<div class=\"elementor-spacer-inner\"><\/div>\n\t\t<\/div>\n\t\t\t\t\t\t<\/div>\n\t\t\t\t<\/div>\n\t\t\t\t<div class=\"elementor-element elementor-element-97a43f2 elementor-widget elementor-widget-text-editor\" data-id=\"97a43f2\" data-element_type=\"widget\" data-e-type=\"widget\" data-widget_type=\"text-editor.default\">\n\t\t\t\t<div class=\"elementor-widget-container\">\n\t\t\t\t\t\t\t\t\t<h4>Bienvenue dans nos conditions g\u00e9n\u00e9rales - La transparence en ligne est d&#039;une importance cruciale pour nous.<\/h4><p>Ces termes et conditions d\u00e9crivent les r\u00e8gles et r\u00e9glementations relatives \u00e0 l&#039;utilisation du site Web de MOPIA.<\/p><p>MOPIA est situ\u00e9 \u00e0:<br \/>1082 Main St Winnipeg R2W 5J3 - Manitoba, Canada<\/p><p>En acc\u00e9dant \u00e0 ce site Web, nous supposons que vous acceptez ces termes et conditions dans leur int\u00e9gralit\u00e9. Ne continuez pas \u00e0 utiliser le site Web de MOPIA si vous n'acceptez pas tous les termes et conditions \u00e9nonc\u00e9s sur cette page. La terminologie suivante s'applique aux pr\u00e9sentes conditions g\u00e9n\u00e9rales, \u00e0 la d\u00e9claration de confidentialit\u00e9 et \u00e0 l'avis de non-responsabilit\u00e9 et \u00e0 tout ou partie des accords: \u00abClient\u00bb, \u00abVous\u00bb et \u00abVotre\u00bb font r\u00e9f\u00e9rence \u00e0 vous, la personne acc\u00e9dant \u00e0 ce site Web et acceptant les conditions g\u00e9n\u00e9rales de la soci\u00e9t\u00e9. \u00abLa soci\u00e9t\u00e9\u00bb, \u00abnous-m\u00eames\u00bb, \u00abnous\u00bb, \u00abnos\u00bb et \u00abnous\u00bb d\u00e9signent notre entreprise. \u00abPartie\u00bb, \u00abParties\u00bb ou \u00abNous\u00bb d\u00e9signe \u00e0 la fois le Client et nous-m\u00eames, ou soit le Client, soit nous-m\u00eames. Toutes les conditions font r\u00e9f\u00e9rence \u00e0 l'offre, \u00e0 l'acceptation et \u00e0 la prise en compte du paiement n\u00e9cessaire pour entreprendre le processus de notre assistance au client de la mani\u00e8re la plus appropri\u00e9e, que ce soit par des r\u00e9unions formelles d'une dur\u00e9e d\u00e9termin\u00e9e, ou par tout autre moyen, dans le but expr\u00e8s de r\u00e9pondre aux besoins du client en ce qui concerne la fourniture des services \/ produits d\u00e9clar\u00e9s de la soci\u00e9t\u00e9, conform\u00e9ment et sous r\u00e9serve de la loi en vigueur au Canada. Toute utilisation de la terminologie ci-dessus ou d'autres mots au singulier, au pluriel, en majuscules et \/ ou il \/ elle ou eux, sont consid\u00e9r\u00e9s comme interchangeables et donc comme faisant r\u00e9f\u00e9rence \u00e0 ceux-ci.<\/p><p>- Biscuits<br \/>Nous utilisons des cookies. En utilisant le site Web de MOPIA, vous consentez \u00e0 l&#039;utilisation de cookies conform\u00e9ment \u00e0 la politique de confidentialit\u00e9 de MOPIA. La plupart des sites Web interactifs modernes utilisent des cookies pour nous permettre de r\u00e9cup\u00e9rer les d\u00e9tails de l&#039;utilisateur pour chaque visite. Les cookies sont utilis\u00e9s dans certaines zones de notre site pour permettre la fonctionnalit\u00e9 de cette zone et la facilit\u00e9 d&#039;utilisation pour les personnes qui visitent. Certains de nos partenaires affili\u00e9s \/ publicitaires peuvent \u00e9galement utiliser des cookies.<\/p><p>- Licence<br \/>Sauf indication contraire, MOPIA et \/ ou ses conc\u00e9dants de licence d\u00e9tiennent les droits de propri\u00e9t\u00e9 intellectuelle pour tout le mat\u00e9riel sur le site Web de MOPIA. Tous les droits de propri\u00e9t\u00e9 intellectuelle sont r\u00e9serv\u00e9s. Vous pouvez afficher et \/ ou imprimer des pages \u00e0 partir de https:\/\/mopia.ca\/ pour votre usage personnel sous r\u00e9serve des restrictions d\u00e9finies dans ces modalit\u00e9s et conditions.<\/p><p>Il ne faut pas:<\/p><ul><li>Republier le mat\u00e9riel de https:\/\/mopia.ca\/<\/li><li>Vendre, louer ou sous-licencier du mat\u00e9riel de https:\/\/mopia.ca\/<\/li><li>Reproduire, dupliquer ou copier du mat\u00e9riel \u00e0 partir de https:\/\/mopia.ca\/<\/li><li>Redistribuez le contenu de MOPIA (sauf si le contenu est sp\u00e9cifiquement con\u00e7u pour la redistribution).<\/li><\/ul><p>- Hyperliens vers notre contenu<\/p><p>Les organisations suivantes peuvent cr\u00e9er un lien vers notre site Web sans autorisation \u00e9crite pr\u00e9alable:<\/p><ul><li>Organismes gouvernementaux;<\/li><li>Moteurs de recherche;<\/li><li>Organisations de presse;<\/li><li>Les distributeurs d&#039;annuaires en ligne, lorsqu&#039;ils nous inscrivent dans l&#039;annuaire, peuvent cr\u00e9er un lien vers notre site Web de la m\u00eame mani\u00e8re qu&#039;ils cr\u00e9ent des liens hypertexte vers les sites Web d&#039;autres entreprises r\u00e9pertori\u00e9es;<\/li><li>Entreprises accr\u00e9dit\u00e9es \u00e0 l&#039;\u00e9chelle du syst\u00e8me, \u00e0 l&#039;exception de la sollicitation d&#039;organisations \u00e0 but non lucratif, de centres commerciaux caritatifs et de groupes de collecte de fonds caritatifs qui ne peuvent pas cr\u00e9er de lien hypertexte vers notre site Web.<\/li><\/ul><p>Ces organisations peuvent cr\u00e9er un lien vers notre page d&#039;accueil, vers des publications ou vers d&#039;autres informations sur le site Web \u00e0 condition que le lien: (a) ne soit en aucun cas trompeur; (b) n&#039;implique pas \u00e0 tort un parrainage, une approbation ou une approbation de la partie liante et de ses produits ou services; et (c) s&#039;inscrit dans le contexte du site de la partie liante.<\/p><p>Nous pouvons examiner et approuver, \u00e0 notre seule discr\u00e9tion, d&#039;autres demandes de lien \u00e9manant des types d&#039;organisations suivants: sources d&#039;informations commun\u00e9ment connues sur les consommateurs et \/ ou les entreprises telles que les chambres de commerce, l&#039;American Automobile Association, l&#039;AARP et l&#039;Union des consommateurs; sites communautaires dot.com; associations ou autres groupes repr\u00e9sentant des organismes de bienfaisance, y compris des sites de dons de charit\u00e9, des distributeurs d&#039;annuaires en ligne; portails Internet; cabinets comptables, juridiques et de conseil dont les principaux clients sont des entreprises; et les \u00e9tablissements d&#039;enseignement et les associations professionnelles.<\/p><p>Nous approuverons les demandes de lien de ces organisations si nous d\u00e9terminons que: (a) le lien ne refl\u00e9terait pas d\u00e9favorablement sur nous ou nos entreprises accr\u00e9dit\u00e9es (par exemple, des associations professionnelles ou d'autres organisations repr\u00e9sentant des types d'entreprises intrins\u00e8quement suspects, comme le travail \u00e0 domicile opportunit\u00e9s, ne doit pas \u00eatre autoris\u00e9 \u00e0 \u00e9tablir des liens); (b) l'organisation n'a pas un dossier insatisfaisant avec nous; (c) l'avantage pour nous de la visibilit\u00e9 associ\u00e9e au lien hypertexte l'emporte sur l'absence de MOPIA; et (d) lorsque le lien se trouve dans le contexte d'informations g\u00e9n\u00e9rales sur les ressources ou est autrement coh\u00e9rent avec le contenu r\u00e9dactionnel d'un bulletin d'information ou d'un produit similaire poursuivant la mission de l'organisation.<\/p><p>Ces organisations peuvent cr\u00e9er un lien vers notre page d&#039;accueil, vers des publications ou vers d&#039;autres informations sur le site Web \u00e0 condition que le lien: (a) ne soit en aucun cas trompeur; (b) n&#039;implique pas \u00e0 tort un parrainage, une approbation ou une approbation de la partie liante et de ses produits ou services; et (c) s&#039;inscrit dans le contexte du site de la partie liante.<\/p><p>Si vous faites partie des organisations \u00e9num\u00e9r\u00e9es au paragraphe 2 ci-dessus et que vous souhaitez cr\u00e9er un lien vers notre site Web, vous devez nous en informer en envoyant un courriel \u00e0 mopia@mopia.ca<br \/>Veuillez inclure votre nom, le nom de votre organisation, vos coordonn\u00e9es (comme un num\u00e9ro de t\u00e9l\u00e9phone et \/ ou une adresse e-mail) ainsi que l&#039;URL de votre site, une liste de toutes les URL \u00e0 partir desquelles vous avez l&#039;intention de cr\u00e9er un lien vers notre site Web, et une liste des URL de notre site vers lesquelles vous souhaitez cr\u00e9er un lien. Attendez 2 \u00e0 3 semaines pour une r\u00e9ponse.<\/p><p>Les organisations approuv\u00e9es peuvent cr\u00e9er un lien hypertexte vers notre site Web comme suit:<\/p><ul><li>En utilisant notre d\u00e9nomination sociale; ou alors<\/li><li>En utilisant le localisateur de ressources uniforme (adresse Web) li\u00e9 \u00e0; ou alors<\/li><li>En utilisant toute autre description de notre site Web ou du mat\u00e9riel li\u00e9 \u00e0 qui a du sens dans le<br \/>contexte et format du contenu sur le site de la partie liante.<\/li><\/ul><p>Aucune utilisation du logo de MOPIA ou d&#039;autres illustrations ne sera autoris\u00e9e pour les liens en l&#039;absence d&#039;un accord de licence de marque.<\/p><p>- R\u00e9serve de droits<br \/>Nous nous r\u00e9servons le droit \u00e0 tout moment et \u00e0 sa seule discr\u00e9tion de vous demander de supprimer tous les liens ou tout lien particulier vers notre site Web. Vous acceptez de supprimer imm\u00e9diatement tous les liens vers notre site Web sur une telle demande. Nous nous r\u00e9servons \u00e9galement le droit de modifier ces termes et conditions et sa politique de liaison \u00e0 tout moment. En continuant \u00e0 cr\u00e9er un lien vers notre site Web, vous acceptez d&#039;\u00eatre li\u00e9 et de respecter ces termes et conditions de liaison. Suppression des liens de notre site Web Si vous trouvez un lien sur notre site Web ou tout autre site Web li\u00e9 r\u00e9pr\u00e9hensible pour quelque raison que ce soit, vous pouvez nous contacter \u00e0 ce sujet. Nous examinerons les demandes de suppression de liens, mais nous n&#039;aurons aucune obligation de le faire ou de vous r\u00e9pondre directement.<br \/>Bien que nous nous efforcions de nous assurer que les informations sur ce site Web sont correctes, nous ne garantissons pas leur exhaustivit\u00e9 ou leur exactitude; nous ne nous engageons pas non plus \u00e0 garantir que le site Web reste disponible ou que le contenu du site Web est tenu \u00e0 jour.<\/p><p>- Responsabilit\u00e9 du contenu<br \/>Nous n&#039;aurons aucune responsabilit\u00e9 pour tout contenu apparaissant sur votre site Web. Vous acceptez de nous indemniser et de nous d\u00e9fendre contre toutes les r\u00e9clamations d\u00e9coulant de ou bas\u00e9es sur votre site Web. Aucun lien ne peut appara\u00eetre sur une page de votre site Web ou dans un contexte contenant du contenu ou des \u00e9l\u00e9ments pouvant \u00eatre interpr\u00e9t\u00e9s comme diffamatoires, obsc\u00e8nes ou criminels, ou qui enfreint, viole ou pr\u00e9conise l&#039;infraction ou toute autre violation de tout les droits des tiers.<\/p><p>- Avertissement<br \/>Dans la mesure maximale permise par la loi applicable, nous excluons toutes les repr\u00e9sentations, garanties et conditions relatives \u00e0 notre site Web et \u00e0 l&#039;utilisation de ce site Web (y compris, sans limitation, toutes les garanties implicites par la loi en ce qui concerne une qualit\u00e9 satisfaisante, l&#039;ad\u00e9quation \u00e0 l&#039;usage et \/ ou l&#039;utilisation de soins et de comp\u00e9tences raisonnables). Rien dans cette clause de non-responsabilit\u00e9:<\/p><ul><li>limiter ou exclure notre ou votre responsabilit\u00e9 en cas de d\u00e9c\u00e8s ou de blessures r\u00e9sultant d&#039;une n\u00e9gligence;<\/li><li>limiter ou exclure notre ou votre responsabilit\u00e9 en cas de fraude ou de fausse d\u00e9claration frauduleuse;<\/li><li>limiter l&#039;une de nos ou vos responsabilit\u00e9s d&#039;une mani\u00e8re qui n&#039;est pas autoris\u00e9e par la loi applicable;<\/li><li>ou exclure l&#039;une de nos ou vos responsabilit\u00e9s qui ne peuvent \u00eatre exclues en vertu de la loi applicable.<\/li><\/ul><p>Les limitations et exclusions de responsabilit\u00e9 \u00e9nonc\u00e9es dans la pr\u00e9sente section et ailleurs dans cette clause de non-responsabilit\u00e9: (a) sont soumises au paragraphe pr\u00e9c\u00e9dent; et (b) r\u00e9gir toutes les responsabilit\u00e9s d\u00e9coulant de la clause de non-responsabilit\u00e9 ou en relation avec l&#039;objet de cette clause de non-responsabilit\u00e9, y compris les responsabilit\u00e9s contractuelles, d\u00e9lictuelles (y compris la n\u00e9gligence) et pour manquement \u00e0 une obligation l\u00e9gale. Dans la mesure o\u00f9 le site Web et les informations et services sur le site Web sont fournis gratuitement, nous ne serons pas responsables de toute perte ou dommage de quelque nature que ce soit.<\/p><p>- Informations de cr\u00e9dit et de contact<br \/>Cette page Termes et conditions a \u00e9t\u00e9 cr\u00e9\u00e9e sur le g\u00e9n\u00e9rateur termsandconditionstemplate.com. Si vous avez des questions concernant l&#039;une de nos conditions, veuillez nous contacter.<\/p>\t\t\t\t\t\t\t\t<\/div>\n\t\t\t\t<\/div>\n\t\t\t\t<div class=\"elementor-element elementor-element-afda121 elementor-widget elementor-widget-spacer\" data-id=\"afda121\" data-element_type=\"widget\" data-e-type=\"widget\" data-widget_type=\"spacer.default\">\n\t\t\t\t<div class=\"elementor-widget-container\">\n\t\t\t\t\t\t\t<div class=\"elementor-spacer\">\n\t\t\t<div class=\"elementor-spacer-inner\"><\/div>\n\t\t<\/div>\n\t\t\t\t\t\t<\/div>\n\t\t\t\t<\/div>\n\t\t\t\t\t<\/div>\n\t\t<\/div>\n\t\t\t\t\t<\/div>\n\t\t<\/section>\n\t\t\t\t<\/div>","protected":false},"excerpt":{"rendered":"<p>Terms and Conditions Welcome to our Terms and Conditions \u2014 Online transparency is critically important to us. These terms and conditions outline the rules and regulations for the use of MOPIA&#8217;s Website. MOPIA is located at:1082 Main St Winnipeg R2W 5J3 \u2013 Manitoba , Canada By accessing this website we assume you accept these terms [&hellip;]<\/p>\n","protected":false},"author":88893,"featured_media":0,"parent":0,"menu_order":0,"comment_status":"closed","ping_status":"closed","template":"elementor_header_footer","meta":{"_monsterinsights_skip_tracking":false,"_monsterinsights_sitenote_active":false,"_monsterinsights_sitenote_note":"","_monsterinsights_sitenote_category":0,"footnotes":""},"class_list":["post-6633","page","type-page","status-publish","hentry"],"_links":{"self":[{"href":"https:\/\/mopia.ca\/fr\/wp-json\/wp\/v2\/pages\/6633","targetHints":{"allow":["GET"]}}],"collection":[{"href":"https:\/\/mopia.ca\/fr\/wp-json\/wp\/v2\/pages"}],"about":[{"href":"https:\/\/mopia.ca\/fr\/wp-json\/wp\/v2\/types\/page"}],"author":[{"embeddable":true,"href":"https:\/\/mopia.ca\/fr\/wp-json\/wp\/v2\/users\/88893"}],"replies":[{"embeddable":true,"href":"https:\/\/mopia.ca\/fr\/wp-json\/wp\/v2\/comments?post=6633"}],"version-history":[{"count":0,"href":"https:\/\/mopia.ca\/fr\/wp-json\/wp\/v2\/pages\/6633\/revisions"}],"wp:attachment":[{"href":"https:\/\/mopia.ca\/fr\/wp-json\/wp\/v2\/media?parent=6633"}],"curies":[{"name":"wp","href":"https:\/\/api.w.org\/{rel}","templated":true}]}}