{"id":6052,"date":"2020-09-08T10:54:15","date_gmt":"2020-09-08T15:54:15","guid":{"rendered":"https:\/\/mopia.ca\/?page_id=6052"},"modified":"2020-09-08T11:02:32","modified_gmt":"2020-09-08T16:02:32","slug":"products","status":"publish","type":"page","link":"https:\/\/mopia.ca\/fr\/products\/","title":{"rendered":"Des produits"},"content":{"rendered":"<div data-elementor-type=\"wp-page\" data-elementor-id=\"6052\" class=\"elementor elementor-6052\" data-elementor-post-type=\"page\">\n\t\t\t\t\t\t<section class=\"elementor-section elementor-top-section elementor-element elementor-element-25b99d6b elementor-section-boxed elementor-section-height-default elementor-section-height-default\" data-id=\"25b99d6b\" data-element_type=\"section\" data-e-type=\"section\" data-settings=\"{&quot;background_background&quot;:&quot;classic&quot;}\">\n\t\t\t\t\t\t<div class=\"elementor-container elementor-column-gap-default\">\n\t\t\t\t\t<div class=\"elementor-column elementor-col-100 elementor-top-column elementor-element elementor-element-1d6c5ee7\" data-id=\"1d6c5ee7\" data-element_type=\"column\" data-e-type=\"column\">\n\t\t\t<div class=\"elementor-widget-wrap elementor-element-populated\">\n\t\t\t\t\t\t<div class=\"elementor-element elementor-element-2d594ff7 elementor-widget elementor-widget-spacer\" data-id=\"2d594ff7\" data-element_type=\"widget\" data-e-type=\"widget\" data-widget_type=\"spacer.default\">\n\t\t\t\t<div class=\"elementor-widget-container\">\n\t\t\t\t\t\t\t<div class=\"elementor-spacer\">\n\t\t\t<div class=\"elementor-spacer-inner\"><\/div>\n\t\t<\/div>\n\t\t\t\t\t\t<\/div>\n\t\t\t\t<\/div>\n\t\t\t\t<div class=\"elementor-element elementor-element-783f63d1 elementor-widget elementor-widget-heading\" data-id=\"783f63d1\" data-element_type=\"widget\" data-e-type=\"widget\" data-widget_type=\"heading.default\">\n\t\t\t\t<div class=\"elementor-widget-container\">\n\t\t\t\t\t<h2 class=\"elementor-heading-title elementor-size-xl\">Des produits<\/h2>\t\t\t\t<\/div>\n\t\t\t\t<\/div>\n\t\t\t\t<div class=\"elementor-element elementor-element-361d1386 elementor-widget elementor-widget-heading\" data-id=\"361d1386\" data-element_type=\"widget\" data-e-type=\"widget\" data-widget_type=\"heading.default\">\n\t\t\t\t<div class=\"elementor-widget-container\">\n\t\t\t\t\t<h2 class=\"elementor-heading-title elementor-size-large\">Restez inform\u00e9! Restez certifi\u00e9!<\/h2>\t\t\t\t<\/div>\n\t\t\t\t<\/div>\n\t\t\t\t<div class=\"elementor-element elementor-element-6c4574b2 elementor-widget elementor-widget-spacer\" data-id=\"6c4574b2\" data-element_type=\"widget\" data-e-type=\"widget\" data-widget_type=\"spacer.default\">\n\t\t\t\t<div class=\"elementor-widget-container\">\n\t\t\t\t\t\t\t<div class=\"elementor-spacer\">\n\t\t\t<div class=\"elementor-spacer-inner\"><\/div>\n\t\t<\/div>\n\t\t\t\t\t\t<\/div>\n\t\t\t\t<\/div>\n\t\t\t\t\t<\/div>\n\t\t<\/div>\n\t\t\t\t\t<\/div>\n\t\t<\/section>\n\t\t\t\t<section class=\"elementor-section elementor-top-section elementor-element elementor-element-2f94a551 elementor-section-boxed elementor-section-height-default elementor-section-height-default\" data-id=\"2f94a551\" data-element_type=\"section\" data-e-type=\"section\">\n\t\t\t\t\t\t<div class=\"elementor-container elementor-column-gap-default\">\n\t\t\t\t\t<div class=\"elementor-column elementor-col-66 elementor-top-column elementor-element elementor-element-4db622df\" data-id=\"4db622df\" data-element_type=\"column\" data-e-type=\"column\">\n\t\t\t<div class=\"elementor-widget-wrap elementor-element-populated\">\n\t\t\t\t\t\t<div class=\"elementor-element elementor-element-7f6d2727 elementor-widget elementor-widget-spacer\" data-id=\"7f6d2727\" data-element_type=\"widget\" data-e-type=\"widget\" data-widget_type=\"spacer.default\">\n\t\t\t\t<div class=\"elementor-widget-container\">\n\t\t\t\t\t\t\t<div class=\"elementor-spacer\">\n\t\t\t<div class=\"elementor-spacer-inner\"><\/div>\n\t\t<\/div>\n\t\t\t\t\t\t<\/div>\n\t\t\t\t<\/div>\n\t\t\t\t<div class=\"elementor-element elementor-element-77b8a0a5 elementor-widget elementor-widget-heading\" data-id=\"77b8a0a5\" data-element_type=\"widget\" data-e-type=\"widget\" data-widget_type=\"heading.default\">\n\t\t\t\t<div class=\"elementor-widget-container\">\n\t\t\t\t\t<h2 class=\"elementor-heading-title elementor-size-default\">Produits MOPIA<\/h2>\t\t\t\t<\/div>\n\t\t\t\t<\/div>\n\t\t\t\t<div class=\"elementor-element elementor-element-4cbec7d3 elementor-widget elementor-widget-text-editor\" data-id=\"4cbec7d3\" data-element_type=\"widget\" data-e-type=\"widget\" data-widget_type=\"text-editor.default\">\n\t\t\t\t<div class=\"elementor-widget-container\">\n\t\t\t\t\t\t\t\t\t<p>Veuillez choisir le (s) produit (s) souhait\u00e9 (s) et les ajouter au panier.\u00a0<\/p><p>Les paiements peuvent \u00eatre effectu\u00e9s via des cartes de cr\u00e9dit et de d\u00e9bit (principales) ou par Paypal.<\/p>\t\t\t\t\t\t\t\t<\/div>\n\t\t\t\t<\/div>\n\t\t\t\t\t<\/div>\n\t\t<\/div>\n\t\t\t\t<div class=\"elementor-column elementor-col-33 elementor-top-column elementor-element elementor-element-43a37800\" data-id=\"43a37800\" data-element_type=\"column\" data-e-type=\"column\">\n\t\t\t<div class=\"elementor-widget-wrap elementor-element-populated\">\n\t\t\t\t\t\t<div class=\"elementor-element elementor-element-34885a08 elementor-widget elementor-widget-spacer\" data-id=\"34885a08\" data-element_type=\"widget\" data-e-type=\"widget\" data-widget_type=\"spacer.default\">\n\t\t\t\t<div class=\"elementor-widget-container\">\n\t\t\t\t\t\t\t<div class=\"elementor-spacer\">\n\t\t\t<div class=\"elementor-spacer-inner\"><\/div>\n\t\t<\/div>\n\t\t\t\t\t\t<\/div>\n\t\t\t\t<\/div>\n\t\t\t\t\t<\/div>\n\t\t<\/div>\n\t\t\t\t\t<\/div>\n\t\t<\/section>\n\t\t\t\t<section class=\"elementor-section elementor-top-section elementor-element elementor-element-ac8d675 elementor-section-boxed elementor-section-height-default elementor-section-height-default\" data-id=\"ac8d675\" data-element_type=\"section\" data-e-type=\"section\">\n\t\t\t\t\t\t<div class=\"elementor-container elementor-column-gap-default\">\n\t\t\t\t\t<div class=\"elementor-column elementor-col-100 elementor-top-column elementor-element elementor-element-7870aa9\" data-id=\"7870aa9\" data-element_type=\"column\" data-e-type=\"column\">\n\t\t\t<div class=\"elementor-widget-wrap elementor-element-populated\">\n\t\t\t\t\t\t<div class=\"elementor-element elementor-element-5e35b31 elementor-grid-3 elementor-grid-tablet-3 elementor-grid-mobile-2 elementor-products-grid elementor-wc-products elementor-widget elementor-widget-woocommerce-products\" data-id=\"5e35b31\" data-element_type=\"widget\" data-e-type=\"widget\" data-widget_type=\"woocommerce-products.default\">\n\t\t\t\t<div class=\"elementor-widget-container\">\n\t\t\t\t\t<div class=\"woocommerce columns-3\"><ul class=\"products elementor-grid columns-3\">\n<li class=\"product type-product post-47491 status-publish first instock product_cat-uncategorized shipping-taxable purchasable product-type-simple\">\n\t<a href=\"https:\/\/mopia.ca\/fr\/produit\/test-product\/\" class=\"woocommerce-LoopProduct-link woocommerce-loop-product__link\"><img fetchpriority=\"high\" decoding=\"async\" width=\"300\" height=\"225\" src=\"https:\/\/mopia.ca\/wp-content\/media\/woocommerce-placeholder-300x225.png\" class=\"woocommerce-placeholder wp-post-image\" alt=\"Espace r\u00e9serv\u00e9\" data-no-translation-alt=\"\" \/><h2 class=\"woocommerce-loop-product__title\">test product<\/h2>\n\t<span class=\"price\"><span class=\"woocommerce-Price-amount amount\"><bdi><span class=\"woocommerce-Price-currencySymbol\">&#36;<\/span>0.50<\/bdi><\/span><\/span>\n<\/a><a href=\"\/fr\/wp-json\/wp\/v2\/pages\/6052?add-to-cart=47491\" aria-describedby=\"woocommerce_loop_add_to_cart_link_describedby_47491\" data-quantity=\"1\" class=\"button product_type_simple add_to_cart_button ajax_add_to_cart\" data-product_id=\"47491\" data-product_sku=\"\" aria-label=\"Ajouter au panier\u00a0: \u201ctest product\u201d\" rel=\"nofollow\" data-success_message=\"\u00ab\u00a0test product\u00a0\u00bb a \u00e9t\u00e9 ajout\u00e9 \u00e0 votre panier\" data-no-translation=\"\" data-trp-gettext=\"\" data-no-translation-aria-label=\"\" data-no-translation-data-success_message=\"\">Ajouter au panier<\/a>\t<span id=\"woocommerce_loop_add_to_cart_link_describedby_47491\" class=\"screen-reader-text\">\n\t\t\t<\/span>\n<\/li>\n<li class=\"product type-product post-7752 status-publish instock product_cat-training product_tag-training has-post-thumbnail virtual sold-individually purchasable product-type-course\">\n\t<a href=\"https:\/\/mopia.ca\/fr\/produit\/mopia-environmental-ods-certification-training\/\" class=\"woocommerce-LoopProduct-link woocommerce-loop-product__link\"><img decoding=\"async\" width=\"300\" height=\"200\" src=\"https:\/\/mopia.ca\/wp-content\/media\/ods-online-copy-300x200.jpg\" class=\"attachment-woocommerce_thumbnail size-woocommerce_thumbnail\" alt=\"MOPIA Environmental ODS Certification Training\" \/><h2 class=\"woocommerce-loop-product__title\">Formation \u00e0 la certification environnementale MOPIA sur les SAO<\/h2>\n\t<span class=\"price\"><span class=\"woocommerce-Price-amount amount\"><bdi><span class=\"woocommerce-Price-currencySymbol\">&#36;<\/span>195.00<\/bdi><\/span><\/span>\n<\/a><a href=\"\/fr\/wp-json\/wp\/v2\/pages\/6052?add-to-cart=7752\" aria-describedby=\"woocommerce_loop_add_to_cart_link_describedby_7752\" data-quantity=\"1\" class=\"button product_type_course add_to_cart_button ajax_add_to_cart\" data-product_id=\"7752\" data-product_sku=\"\" aria-label=\"En savoir plus sur \u201cMOPIA Environmental ODS Certification Training\u201d\" rel=\"nofollow\" data-no-translation-aria-label=\"\">Add to cart<\/a>\t<span id=\"woocommerce_loop_add_to_cart_link_describedby_7752\" class=\"screen-reader-text\">\n\t\t\t<\/span>\n<\/li>\n<li class=\"product type-product post-6963 status-publish last instock product_cat-renewal product_tag-renewal has-post-thumbnail virtual purchasable product-type-simple\">\n\t<a href=\"https:\/\/mopia.ca\/fr\/produit\/sd-permit-renewal-one-year\/\" class=\"woocommerce-LoopProduct-link woocommerce-loop-product__link\"><img decoding=\"async\" width=\"300\" height=\"225\" src=\"https:\/\/mopia.ca\/wp-content\/media\/2026-SAMPLE-300x225.jpg\" class=\"attachment-woocommerce_thumbnail size-woocommerce_thumbnail\" alt=\"SD Permit Renewal (One Year)\" \/><h2 class=\"woocommerce-loop-product__title\">Renouvellement du permis SD (un an)<\/h2>\n\t<span class=\"price\"><span class=\"woocommerce-Price-amount amount\"><bdi><span class=\"woocommerce-Price-currencySymbol\">&#36;<\/span>50.00<\/bdi><\/span><\/span>\n<\/a><a href=\"\/fr\/wp-json\/wp\/v2\/pages\/6052?add-to-cart=6963\" aria-describedby=\"woocommerce_loop_add_to_cart_link_describedby_6963\" data-quantity=\"1\" class=\"button product_type_simple add_to_cart_button ajax_add_to_cart\" data-product_id=\"6963\" data-product_sku=\"\" aria-label=\"Ajouter au panier\u00a0: \u201cSD Permit Renewal (One Year)\u201d\" rel=\"nofollow\" data-success_message=\"\u00ab\u00a0SD Permit Renewal (One Year)\u00a0\u00bb a \u00e9t\u00e9 ajout\u00e9 \u00e0 votre panier\" data-no-translation=\"\" data-trp-gettext=\"\" data-no-translation-aria-label=\"\" data-no-translation-data-success_message=\"\">Ajouter au panier<\/a>\t<span id=\"woocommerce_loop_add_to_cart_link_describedby_6963\" class=\"screen-reader-text\">\n\t\t\t<\/span>\n<\/li>\n<li class=\"product type-product post-6045 status-publish first instock product_cat-renewal product_tag-renewal has-post-thumbnail virtual purchasable product-type-simple\">\n\t<a href=\"https:\/\/mopia.ca\/fr\/produit\/one-year-certification-renewal\/\" class=\"woocommerce-LoopProduct-link woocommerce-loop-product__link\"><img loading=\"lazy\" decoding=\"async\" width=\"300\" height=\"225\" src=\"https:\/\/mopia.ca\/wp-content\/media\/2024-25-Sample-Card-300x225.png\" class=\"attachment-woocommerce_thumbnail size-woocommerce_thumbnail\" alt=\"One Year Technician Certification Renewal\" srcset=\"https:\/\/mopia.ca\/wp-content\/media\/2024-25-Sample-Card-300x225.png 300w, https:\/\/mopia.ca\/wp-content\/media\/2024-25-Sample-Card-100x74.png 100w, https:\/\/mopia.ca\/wp-content\/media\/2024-25-Sample-Card-16x12.png 16w\" sizes=\"(max-width: 300px) 100vw, 300px\" \/><h2 class=\"woocommerce-loop-product__title\">One Year Technician Certification Renewal<\/h2>\n\t<span class=\"price\"><span class=\"woocommerce-Price-amount amount\"><bdi><span class=\"woocommerce-Price-currencySymbol\">&#36;<\/span>25.00<\/bdi><\/span><\/span>\n<\/a><a href=\"\/fr\/wp-json\/wp\/v2\/pages\/6052?add-to-cart=6045\" aria-describedby=\"woocommerce_loop_add_to_cart_link_describedby_6045\" data-quantity=\"1\" class=\"button product_type_simple add_to_cart_button ajax_add_to_cart\" data-product_id=\"6045\" data-product_sku=\"\" aria-label=\"Ajouter au panier\u00a0: \u201cOne Year Technician Certification Renewal\u201d\" rel=\"nofollow\" data-success_message=\"\u00ab\u00a0One Year Technician Certification Renewal\u00a0\u00bb a \u00e9t\u00e9 ajout\u00e9 \u00e0 votre panier\" data-no-translation=\"\" data-trp-gettext=\"\" data-no-translation-aria-label=\"\" data-no-translation-data-success_message=\"\">Ajouter au panier<\/a>\t<span id=\"woocommerce_loop_add_to_cart_link_describedby_6045\" class=\"screen-reader-text\">\n\t\t\t<\/span>\n<\/li>\n<li class=\"product type-product post-6043 status-publish instock product_cat-correspondence product_cat-training product_tag-training has-post-thumbnail shipping-taxable purchasable product-type-simple\">\n\t<a href=\"https:\/\/mopia.ca\/fr\/produit\/correspondence-training-kit-mail-out\/\" class=\"woocommerce-LoopProduct-link woocommerce-loop-product__link\"><img loading=\"lazy\" decoding=\"async\" width=\"300\" height=\"200\" src=\"https:\/\/mopia.ca\/wp-content\/media\/MAILED-TO-YOU-2-1-300x200.jpg\" class=\"attachment-woocommerce_thumbnail size-woocommerce_thumbnail\" alt=\"Correspondence Training Kit (Mail Out)\" \/><h2 class=\"woocommerce-loop-product__title\">Trousse de formation par correspondance (par la poste)<\/h2>\n\t<span class=\"price\"><span class=\"woocommerce-Price-amount amount\"><bdi><span class=\"woocommerce-Price-currencySymbol\">&#36;<\/span>225.00<\/bdi><\/span><\/span>\n<\/a><a href=\"\/fr\/wp-json\/wp\/v2\/pages\/6052?add-to-cart=6043\" aria-describedby=\"woocommerce_loop_add_to_cart_link_describedby_6043\" data-quantity=\"1\" class=\"button product_type_simple add_to_cart_button ajax_add_to_cart\" data-product_id=\"6043\" data-product_sku=\"\" aria-label=\"Ajouter au panier\u00a0: \u201cCorrespondence Training Kit (Mail Out)\u201d\" rel=\"nofollow\" data-success_message=\"\u00ab\u00a0Correspondence Training Kit (Mail Out)\u00a0\u00bb a \u00e9t\u00e9 ajout\u00e9 \u00e0 votre panier\" data-no-translation=\"\" data-trp-gettext=\"\" data-no-translation-aria-label=\"\" data-no-translation-data-success_message=\"\">Ajouter au panier<\/a>\t<span id=\"woocommerce_loop_add_to_cart_link_describedby_6043\" class=\"screen-reader-text\">\n\t\t\t<\/span>\n<\/li>\n<li class=\"product type-product post-6042 status-publish last instock product_cat-correspondence product_cat-training product_tag-training has-post-thumbnail virtual purchasable product-type-simple\">\n\t<a href=\"https:\/\/mopia.ca\/fr\/produit\/correspondence-training-kit-pick-up\/\" class=\"woocommerce-LoopProduct-link woocommerce-loop-product__link\"><img loading=\"lazy\" decoding=\"async\" width=\"300\" height=\"200\" src=\"https:\/\/mopia.ca\/wp-content\/media\/PICKUP-AT-MOPIA-300x200.jpg\" class=\"attachment-woocommerce_thumbnail size-woocommerce_thumbnail\" alt=\"Correspondence Training Kit (Pick Up)\" \/><h2 class=\"woocommerce-loop-product__title\">Trousse de formation par correspondance (ramassage)<\/h2>\n\t<span class=\"price\"><span class=\"woocommerce-Price-amount amount\"><bdi><span class=\"woocommerce-Price-currencySymbol\">&#36;<\/span>210.00<\/bdi><\/span><\/span>\n<\/a><a href=\"\/fr\/wp-json\/wp\/v2\/pages\/6052?add-to-cart=6042\" aria-describedby=\"woocommerce_loop_add_to_cart_link_describedby_6042\" data-quantity=\"1\" class=\"button product_type_simple add_to_cart_button ajax_add_to_cart\" data-product_id=\"6042\" data-product_sku=\"\" aria-label=\"Ajouter au panier\u00a0: \u201cCorrespondence Training Kit (Pick Up)\u201d\" rel=\"nofollow\" data-success_message=\"\u00ab\u00a0Correspondence Training Kit (Pick Up)\u00a0\u00bb a \u00e9t\u00e9 ajout\u00e9 \u00e0 votre panier\" data-no-translation=\"\" data-trp-gettext=\"\" data-no-translation-aria-label=\"\" data-no-translation-data-success_message=\"\">Ajouter au panier<\/a>\t<span id=\"woocommerce_loop_add_to_cart_link_describedby_6042\" class=\"screen-reader-text\">\n\t\t\t<\/span>\n<\/li>\n<li class=\"product type-product post-6041 status-publish first instock product_cat-training product_tag-training has-post-thumbnail virtual purchasable product-type-simple\">\n\t<a href=\"https:\/\/mopia.ca\/fr\/produit\/in-class-training\/\" class=\"woocommerce-LoopProduct-link woocommerce-loop-product__link\"><img loading=\"lazy\" decoding=\"async\" width=\"300\" height=\"200\" src=\"https:\/\/mopia.ca\/wp-content\/media\/training-box-1-300x200.jpg\" class=\"attachment-woocommerce_thumbnail size-woocommerce_thumbnail\" alt=\"In-Class Training\" \/><h2 class=\"woocommerce-loop-product__title\">Formation en classe<\/h2>\n\t<span class=\"price\"><span class=\"woocommerce-Price-amount amount\"><bdi><span class=\"woocommerce-Price-currencySymbol\">&#36;<\/span>210.00<\/bdi><\/span><\/span>\n<\/a><a href=\"\/fr\/wp-json\/wp\/v2\/pages\/6052?add-to-cart=6041\" aria-describedby=\"woocommerce_loop_add_to_cart_link_describedby_6041\" data-quantity=\"1\" class=\"button product_type_simple add_to_cart_button ajax_add_to_cart\" data-product_id=\"6041\" data-product_sku=\"\" aria-label=\"Ajouter au panier\u00a0: \u201cIn-Class Training\u201d\" rel=\"nofollow\" data-success_message=\"\u00ab\u00a0In-Class Training\u00a0\u00bb a \u00e9t\u00e9 ajout\u00e9 \u00e0 votre panier\" data-no-translation=\"\" data-trp-gettext=\"\" data-no-translation-aria-label=\"\" data-no-translation-data-success_message=\"\">Ajouter au panier<\/a>\t<span id=\"woocommerce_loop_add_to_cart_link_describedby_6041\" class=\"screen-reader-text\">\n\t\t\t<\/span>\n<\/li>\n<li class=\"product type-product post-6040 status-publish instock product_cat-stewardship product_tag-stewardship has-post-thumbnail virtual purchasable product-type-simple\">\n\t<a href=\"https:\/\/mopia.ca\/fr\/produit\/mopia-stewardship\/\" class=\"woocommerce-LoopProduct-link woocommerce-loop-product__link\"><img loading=\"lazy\" decoding=\"async\" width=\"300\" height=\"200\" src=\"https:\/\/mopia.ca\/wp-content\/media\/stewardship5-300x200.jpg\" class=\"attachment-woocommerce_thumbnail size-woocommerce_thumbnail\" alt=\"MOPIA Stewardship\" \/><h2 class=\"woocommerce-loop-product__title\">G\u00e9rance MOPIA<\/h2>\n\t<span class=\"price\"><span class=\"woocommerce-Price-amount amount\"><bdi><span class=\"woocommerce-Price-currencySymbol\">&#36;<\/span>20.00<\/bdi><\/span><\/span>\n<\/a><a href=\"\/fr\/wp-json\/wp\/v2\/pages\/6052?add-to-cart=6040\" aria-describedby=\"woocommerce_loop_add_to_cart_link_describedby_6040\" data-quantity=\"1\" class=\"button product_type_simple add_to_cart_button ajax_add_to_cart\" data-product_id=\"6040\" data-product_sku=\"\" aria-label=\"Ajouter au panier\u00a0: \u201cMOPIA Stewardship\u201d\" rel=\"nofollow\" data-success_message=\"\u00ab\u00a0MOPIA Stewardship\u00a0\u00bb a \u00e9t\u00e9 ajout\u00e9 \u00e0 votre panier\" data-no-translation=\"\" data-trp-gettext=\"\" data-no-translation-aria-label=\"\" data-no-translation-data-success_message=\"\">Ajouter au panier<\/a>\t<span id=\"woocommerce_loop_add_to_cart_link_describedby_6040\" class=\"screen-reader-text\">\n\t\t\t<\/span>\n<\/li>\n<\/ul>\n<\/div>\t\t\t\t<\/div>\n\t\t\t\t<\/div>\n\t\t\t\t\t<\/div>\n\t\t<\/div>\n\t\t\t\t\t<\/div>\n\t\t<\/section>\n\t\t\t\t<section class=\"elementor-section elementor-top-section elementor-element elementor-element-45d90200 elementor-section-boxed elementor-section-height-default elementor-section-height-default\" data-id=\"45d90200\" data-element_type=\"section\" data-e-type=\"section\" data-settings=\"{&quot;background_background&quot;:&quot;classic&quot;}\">\n\t\t\t\t\t\t<div class=\"elementor-container elementor-column-gap-default\">\n\t\t\t\t\t<div class=\"elementor-column elementor-col-100 elementor-top-column elementor-element elementor-element-6e5a9f38\" data-id=\"6e5a9f38\" data-element_type=\"column\" data-e-type=\"column\">\n\t\t\t<div class=\"elementor-widget-wrap elementor-element-populated\">\n\t\t\t\t\t\t<div class=\"elementor-element elementor-element-111d707 elementor-widget elementor-widget-spacer\" data-id=\"111d707\" data-element_type=\"widget\" data-e-type=\"widget\" data-widget_type=\"spacer.default\">\n\t\t\t\t<div class=\"elementor-widget-container\">\n\t\t\t\t\t\t\t<div class=\"elementor-spacer\">\n\t\t\t<div class=\"elementor-spacer-inner\"><\/div>\n\t\t<\/div>\n\t\t\t\t\t\t<\/div>\n\t\t\t\t<\/div>\n\t\t\t\t\t<\/div>\n\t\t<\/div>\n\t\t\t\t\t<\/div>\n\t\t<\/section>\n\t\t\t\t<\/div>","protected":false},"excerpt":{"rendered":"<p>Products Stay educated! Stay certified! MOPIA Products Please choose your desired product(s), and add to cart.\u00a0 Payments can be made through (major) Credit and Debit cards, or by Paypal.<\/p>","protected":false},"author":88893,"featured_media":0,"parent":0,"menu_order":0,"comment_status":"closed","ping_status":"closed","template":"elementor_header_footer","meta":{"_monsterinsights_skip_tracking":false,"_monsterinsights_sitenote_active":false,"_monsterinsights_sitenote_note":"","_monsterinsights_sitenote_category":0,"footnotes":""},"class_list":["post-6052","page","type-page","status-publish","hentry"],"_links":{"self":[{"href":"https:\/\/mopia.ca\/fr\/wp-json\/wp\/v2\/pages\/6052","targetHints":{"allow":["GET"]}}],"collection":[{"href":"https:\/\/mopia.ca\/fr\/wp-json\/wp\/v2\/pages"}],"about":[{"href":"https:\/\/mopia.ca\/fr\/wp-json\/wp\/v2\/types\/page"}],"author":[{"embeddable":true,"href":"https:\/\/mopia.ca\/fr\/wp-json\/wp\/v2\/users\/88893"}],"replies":[{"embeddable":true,"href":"https:\/\/mopia.ca\/fr\/wp-json\/wp\/v2\/comments?post=6052"}],"version-history":[{"count":0,"href":"https:\/\/mopia.ca\/fr\/wp-json\/wp\/v2\/pages\/6052\/revisions"}],"wp:attachment":[{"href":"https:\/\/mopia.ca\/fr\/wp-json\/wp\/v2\/media?parent=6052"}],"curies":[{"name":"wp","href":"https:\/\/api.w.org\/{rel}","templated":true}]}}